{"id":5705,"date":"2023-07-14T11:53:49","date_gmt":"2023-07-14T11:53:49","guid":{"rendered":"https:\/\/1772-1.pm-domains.de\/contactez\/"},"modified":"2023-12-27T10:05:16","modified_gmt":"2023-12-27T10:05:16","slug":"contactez","status":"publish","type":"page","link":"https:\/\/spirit-karting.ch\/fr\/contactez\/","title":{"rendered":"Contactez"},"content":{"rendered":"\t\t<div data-elementor-type=\"wp-page\" data-elementor-id=\"5705\" class=\"elementor elementor-5705 elementor-1112\" data-elementor-post-type=\"page\">\n\t\t\t\t\t\t<section class=\"elementor-section elementor-top-section elementor-element elementor-element-cccb81f elementor-section-full_width elementor-section-height-min-height elementor-section-height-default elementor-section-items-middle\" data-id=\"cccb81f\" data-element_type=\"section\" data-settings=\"{&quot;background_background&quot;:&quot;classic&quot;}\">\n\t\t\t\t\t\t\t<div class=\"elementor-background-overlay\"><\/div>\n\t\t\t\t\t\t\t<div class=\"elementor-container elementor-column-gap-no\">\n\t\t\t\t\t<div class=\"elementor-column elementor-col-50 elementor-top-column elementor-element elementor-element-438c8e6\" data-id=\"438c8e6\" data-element_type=\"column\">\n\t\t\t<div class=\"elementor-widget-wrap elementor-element-populated\">\n\t\t\t\t\t\t<div class=\"elementor-element elementor-element-6be1c1c elementor-widget elementor-widget-spacer\" data-id=\"6be1c1c\" data-element_type=\"widget\" data-widget_type=\"spacer.default\">\n\t\t\t\t<div class=\"elementor-widget-container\">\n\t\t\t\t\t\t\t<div class=\"elementor-spacer\">\n\t\t\t<div class=\"elementor-spacer-inner\"><\/div>\n\t\t<\/div>\n\t\t\t\t\t\t<\/div>\n\t\t\t\t<\/div>\n\t\t\t\t<div class=\"elementor-element elementor-element-23c69e1 elementor-widget-tablet__width-initial elementor-widget elementor-widget-jet-headline\" data-id=\"23c69e1\" data-element_type=\"widget\" data-widget_type=\"jet-headline.default\">\n\t\t\t\t<div class=\"elementor-widget-container\">\n\t\t\t\t\t<h2 class=\"jet-headline jet-headline--direction-vertical\"><span class=\"jet-headline__part jet-headline__first\"><span class=\"jet-headline__label\">Tu nous trouves ici<\/span><\/span><\/h2>\t\t\t\t<\/div>\n\t\t\t\t<\/div>\n\t\t\t\t\t<\/div>\n\t\t<\/div>\n\t\t\t\t<div class=\"elementor-column elementor-col-50 elementor-top-column elementor-element elementor-element-dcadc38\" data-id=\"dcadc38\" data-element_type=\"column\">\n\t\t\t<div class=\"elementor-widget-wrap\">\n\t\t\t\t\t\t\t<\/div>\n\t\t<\/div>\n\t\t\t\t\t<\/div>\n\t\t<\/section>\n\t\t\t\t<section class=\"elementor-section elementor-top-section elementor-element elementor-element-95e54eb elementor-section-full_width elementor-section-stretched elementor-section-height-default elementor-section-height-default\" data-id=\"95e54eb\" data-element_type=\"section\" data-settings=\"{&quot;stretch_section&quot;:&quot;section-stretched&quot;}\">\n\t\t\t\t\t\t<div class=\"elementor-container elementor-column-gap-no\">\n\t\t\t\t\t<div class=\"elementor-column elementor-col-100 elementor-top-column elementor-element elementor-element-e864757\" data-id=\"e864757\" data-element_type=\"column\">\n\t\t\t<div class=\"elementor-widget-wrap elementor-element-populated\">\n\t\t\t\t\t\t<div class=\"elementor-element elementor-element-42e9027 elementor-widget__width-inherit elementor-absolute elementor-widget elementor-widget-image\" data-id=\"42e9027\" data-element_type=\"widget\" data-settings=\"{&quot;_position&quot;:&quot;absolute&quot;}\" data-widget_type=\"image.default\">\n\t\t\t\t<div class=\"elementor-widget-container\">\n\t\t\t\t\t\t\t\t\t\t\t\t\t\t\t<img fetchpriority=\"high\" decoding=\"async\" width=\"1024\" height=\"406\" src=\"https:\/\/spirit-karting.ch\/wp-content\/uploads\/2023\/07\/Element-3.svg\" class=\"attachment-large size-large wp-image-1512\" alt=\"\" \/>\t\t\t\t\t\t\t\t\t\t\t\t\t\t\t<\/div>\n\t\t\t\t<\/div>\n\t\t\t\t\t<\/div>\n\t\t<\/div>\n\t\t\t\t\t<\/div>\n\t\t<\/section>\n\t\t\t\t<main class=\"elementor-section elementor-top-section elementor-element elementor-element-2236b32 elementor-section-full_width elementor-section-stretched elementor-section-height-default elementor-section-height-default\" data-id=\"2236b32\" data-element_type=\"section\" data-settings=\"{&quot;stretch_section&quot;:&quot;section-stretched&quot;,&quot;background_background&quot;:&quot;classic&quot;}\">\n\t\t\t\t\t\t\t<div class=\"elementor-background-overlay\"><\/div>\n\t\t\t\t\t\t\t<div class=\"elementor-container elementor-column-gap-no\">\n\t\t\t\t\t<div class=\"elementor-column elementor-col-100 elementor-top-column elementor-element elementor-element-9e95f63\" data-id=\"9e95f63\" data-element_type=\"column\">\n\t\t\t<div class=\"elementor-widget-wrap elementor-element-populated\">\n\t\t\t\t\t\t<section class=\"elementor-section elementor-inner-section elementor-element elementor-element-d7794ed elementor-section-full_width elementor-section-height-default elementor-section-height-default\" data-id=\"d7794ed\" data-element_type=\"section\">\n\t\t\t\t\t\t<div class=\"elementor-container elementor-column-gap-no\">\n\t\t\t\t\t<div class=\"elementor-column elementor-col-50 elementor-inner-column elementor-element elementor-element-2f0bf2c\" data-id=\"2f0bf2c\" data-element_type=\"column\">\n\t\t\t<div class=\"elementor-widget-wrap elementor-element-populated\">\n\t\t\t\t\t\t<div class=\"elementor-element elementor-element-75270f1 animated-slow elementor-invisible elementor-widget elementor-widget-heading\" data-id=\"75270f1\" data-element_type=\"widget\" data-settings=\"{&quot;_animation&quot;:&quot;slideInUp&quot;,&quot;_animation_delay&quot;:150}\" data-widget_type=\"heading.default\">\n\t\t\t\t<div class=\"elementor-widget-container\">\n\t\t\t\t\t<h2 class=\"elementor-heading-title elementor-size-default\">Spirit Karting AG<\/h2>\t\t\t\t<\/div>\n\t\t\t\t<\/div>\n\t\t\t\t<div class=\"elementor-element elementor-element-a5a5a7f animated-slow elementor-invisible elementor-widget elementor-widget-text-editor\" data-id=\"a5a5a7f\" data-element_type=\"widget\" data-settings=\"{&quot;motion_fx_motion_fx_scrolling&quot;:&quot;yes&quot;,&quot;motion_fx_opacity_effect&quot;:&quot;yes&quot;,&quot;motion_fx_opacity_level&quot;:{&quot;unit&quot;:&quot;px&quot;,&quot;size&quot;:8.7,&quot;sizes&quot;:[]},&quot;motion_fx_opacity_range&quot;:{&quot;unit&quot;:&quot;%&quot;,&quot;size&quot;:&quot;&quot;,&quot;sizes&quot;:{&quot;start&quot;:20,&quot;end&quot;:53}},&quot;_animation&quot;:&quot;slideInUp&quot;,&quot;_animation_delay&quot;:310,&quot;motion_fx_opacity_direction&quot;:&quot;out-in&quot;,&quot;motion_fx_devices&quot;:[&quot;widescreen&quot;,&quot;desktop&quot;,&quot;laptop&quot;,&quot;tablet&quot;,&quot;mobile&quot;]}\" data-widget_type=\"text-editor.default\">\n\t\t\t\t<div class=\"elementor-widget-container\">\n\t\t\t\t\t\t\t\t\t<p class=\"p1\">Sonnengutstrasse 8<\/p><p class=\"p1\">5620 Bremgarten<\/p><p class=\"p1\">Suisse<\/p><p class=\"p1\">T\u00e9l\u00e9phone: <a href=\"tel:+41764358355\">+41 76 435 83 55 <\/a><\/p><p class=\"p1\">Email: <a href=\"mailto:info@spirit-karting.ch\">info@spirit-karting.ch<\/a><\/p>\t\t\t\t\t\t\t\t<\/div>\n\t\t\t\t<\/div>\n\t\t\t\t\t<\/div>\n\t\t<\/div>\n\t\t\t\t<div class=\"elementor-column elementor-col-50 elementor-inner-column elementor-element elementor-element-5732af0 elementor-hidden-tablet elementor-hidden-mobile\" data-id=\"5732af0\" data-element_type=\"column\">\n\t\t\t<div class=\"elementor-widget-wrap elementor-element-populated\">\n\t\t\t\t\t\t<div class=\"elementor-element elementor-element-1ade373 animated-slow elementor-invisible elementor-widget elementor-widget-heading\" data-id=\"1ade373\" data-element_type=\"widget\" data-settings=\"{&quot;_animation&quot;:&quot;slideInUp&quot;,&quot;_animation_delay&quot;:150}\" data-widget_type=\"heading.default\">\n\t\t\t\t<div class=\"elementor-widget-container\">\n\t\t\t\t\t<h2 class=\"elementor-heading-title elementor-size-default\">Comment venir chez nous<\/h2>\t\t\t\t<\/div>\n\t\t\t\t<\/div>\n\t\t\t\t<div class=\"elementor-element elementor-element-3899625 elementor-widget elementor-widget-image\" data-id=\"3899625\" data-element_type=\"widget\" data-widget_type=\"image.default\">\n\t\t\t\t<div class=\"elementor-widget-container\">\n\t\t\t\t\t\t\t\t\t\t\t\t\t\t\t<img decoding=\"async\" width=\"786\" height=\"445\" src=\"https:\/\/spirit-karting.ch\/wp-content\/uploads\/2023\/09\/map.svg\" class=\"attachment-large size-large wp-image-4201\" alt=\"\" \/>\t\t\t\t\t\t\t\t\t\t\t\t\t\t\t<\/div>\n\t\t\t\t<\/div>\n\t\t\t\t\t<\/div>\n\t\t<\/div>\n\t\t\t\t\t<\/div>\n\t\t<\/section>\n\t\t\t\t\t<\/div>\n\t\t<\/div>\n\t\t\t\t\t<\/div>\n\t\t<\/main>\n\t\t\t\t<section class=\"elementor-section elementor-top-section elementor-element elementor-element-5ff08e8 elementor-section-full_width elementor-section-stretched elementor-section-height-default elementor-section-height-default\" data-id=\"5ff08e8\" data-element_type=\"section\" data-settings=\"{&quot;stretch_section&quot;:&quot;section-stretched&quot;}\">\n\t\t\t\t\t\t<div class=\"elementor-container elementor-column-gap-no\">\n\t\t\t\t\t<div class=\"elementor-column elementor-col-100 elementor-top-column elementor-element elementor-element-560c62c\" data-id=\"560c62c\" data-element_type=\"column\">\n\t\t\t<div class=\"elementor-widget-wrap elementor-element-populated\">\n\t\t\t\t\t\t<div class=\"elementor-element elementor-element-18a5002 elementor-widget__width-inherit elementor-absolute elementor-widget elementor-widget-image\" data-id=\"18a5002\" data-element_type=\"widget\" data-settings=\"{&quot;_position&quot;:&quot;absolute&quot;}\" data-widget_type=\"image.default\">\n\t\t\t\t<div class=\"elementor-widget-container\">\n\t\t\t\t\t\t\t\t\t\t\t\t\t\t\t<img decoding=\"async\" width=\"1920\" height=\"126\" src=\"https:\/\/spirit-karting.ch\/wp-content\/uploads\/2023\/07\/Element-2-2.svg\" class=\"attachment-full-hd size-full-hd wp-image-1399\" alt=\"Separator Spirit Karting - Cart\" \/>\t\t\t\t\t\t\t\t\t\t\t\t\t\t\t<\/div>\n\t\t\t\t<\/div>\n\t\t\t\t\t<\/div>\n\t\t<\/div>\n\t\t\t\t\t<\/div>\n\t\t<\/section>\n\t\t\t\t<section class=\"elementor-section elementor-top-section elementor-element elementor-element-0ad30af elementor-section-full_width elementor-reverse-tablet elementor-reverse-mobile elementor-section-height-default elementor-section-height-default\" data-id=\"0ad30af\" data-element_type=\"section\" data-settings=\"{&quot;background_background&quot;:&quot;classic&quot;}\">\n\t\t\t\t\t\t<div class=\"elementor-container elementor-column-gap-no\">\n\t\t\t\t\t<div class=\"elementor-column elementor-col-100 elementor-top-column elementor-element elementor-element-1a0a50b\" data-id=\"1a0a50b\" data-element_type=\"column\">\n\t\t\t<div class=\"elementor-widget-wrap elementor-element-populated\">\n\t\t\t\t\t\t<section class=\"elementor-section elementor-inner-section elementor-element elementor-element-d07e9ef elementor-section-full_width elementor-section-height-default elementor-section-height-default\" data-id=\"d07e9ef\" data-element_type=\"section\">\n\t\t\t\t\t\t<div class=\"elementor-container elementor-column-gap-no\">\n\t\t\t\t\t<div class=\"elementor-column elementor-col-33 elementor-inner-column elementor-element elementor-element-870bb52 animated-slow elementor-invisible\" data-id=\"870bb52\" data-element_type=\"column\" data-settings=\"{&quot;background_background&quot;:&quot;classic&quot;,&quot;animation&quot;:&quot;slideInLeft&quot;,&quot;animation_delay&quot;:150}\">\n\t\t\t<div class=\"elementor-widget-wrap elementor-element-populated\">\n\t\t\t\t\t\t<div class=\"elementor-element elementor-element-e261976 elementor-hidden-tablet elementor-hidden-mobile elementor-view-default elementor-widget elementor-widget-icon\" data-id=\"e261976\" data-element_type=\"widget\" data-widget_type=\"icon.default\">\n\t\t\t\t<div class=\"elementor-widget-container\">\n\t\t\t\t\t\t\t<div class=\"elementor-icon-wrapper\">\n\t\t\t<div class=\"elementor-icon\">\n\t\t\t<i aria-hidden=\"true\" class=\"fas fa-info-circle\"><\/i>\t\t\t<\/div>\n\t\t<\/div>\n\t\t\t\t\t\t<\/div>\n\t\t\t\t<\/div>\n\t\t\t\t<div class=\"elementor-element elementor-element-5d90ec7 elementor-hidden-widescreen elementor-hidden-desktop elementor-hidden-laptop elementor-widget elementor-widget-spacer\" data-id=\"5d90ec7\" data-element_type=\"widget\" data-widget_type=\"spacer.default\">\n\t\t\t\t<div class=\"elementor-widget-container\">\n\t\t\t\t\t\t\t<div class=\"elementor-spacer\">\n\t\t\t<div class=\"elementor-spacer-inner\"><\/div>\n\t\t<\/div>\n\t\t\t\t\t\t<\/div>\n\t\t\t\t<\/div>\n\t\t\t\t\t<\/div>\n\t\t<\/div>\n\t\t\t\t<div class=\"elementor-column elementor-col-33 elementor-inner-column elementor-element elementor-element-4d222fe animated-slow elementor-invisible\" data-id=\"4d222fe\" data-element_type=\"column\" data-settings=\"{&quot;animation&quot;:&quot;slideInUp&quot;,&quot;animation_delay&quot;:300}\">\n\t\t\t<div class=\"elementor-widget-wrap elementor-element-populated\">\n\t\t\t\t\t\t<div class=\"elementor-element elementor-element-059d895 elementor-widget elementor-widget-heading\" data-id=\"059d895\" data-element_type=\"widget\" data-widget_type=\"heading.default\">\n\t\t\t\t<div class=\"elementor-widget-container\">\n\t\t\t\t\t<h3 class=\"elementor-heading-title elementor-size-default\">Heures d'ouverture Spirit Kartstore <\/h3>\t\t\t\t<\/div>\n\t\t\t\t<\/div>\n\t\t\t\t<div class=\"elementor-element elementor-element-1d40ce1 elementor-widget elementor-widget-text-editor\" data-id=\"1d40ce1\" data-element_type=\"widget\" data-widget_type=\"text-editor.default\">\n\t\t\t\t<div class=\"elementor-widget-container\">\n\t\t\t\t\t\t\t\t\t<p class=\"p1\"><strong class=\"red\">Veuillez noter que notre Kartstore n\u2019a pas d\u2019horaires d\u2019ouverture fixes.<\/strong> Comme notre \u00e9quipe organise r\u00e9guli\u00e8rement des \u00e9v\u00e9nements ou se trouve sur les circuits, le Kartstore n\u2019est pas toujours ouvert. Veuillez nous appeler \u00e0 l\u2019avance pour vous assurer que nous sommes pr\u00e9sents ou pour prendre rendez-vous.<\/p>\t\t\t\t\t\t\t\t<\/div>\n\t\t\t\t<\/div>\n\t\t\t\t\t<\/div>\n\t\t<\/div>\n\t\t\t\t<div class=\"elementor-column elementor-col-33 elementor-inner-column elementor-element elementor-element-db2c65d animated-slow elementor-invisible\" data-id=\"db2c65d\" data-element_type=\"column\" data-settings=\"{&quot;background_background&quot;:&quot;classic&quot;,&quot;animation&quot;:&quot;slideInRight&quot;,&quot;animation_delay&quot;:150}\">\n\t\t\t<div class=\"elementor-widget-wrap elementor-element-populated\">\n\t\t\t\t\t\t<div class=\"elementor-element elementor-element-1acdc38 elementor-widget elementor-widget-spacer\" data-id=\"1acdc38\" data-element_type=\"widget\" data-widget_type=\"spacer.default\">\n\t\t\t\t<div class=\"elementor-widget-container\">\n\t\t\t\t\t\t\t<div class=\"elementor-spacer\">\n\t\t\t<div class=\"elementor-spacer-inner\"><\/div>\n\t\t<\/div>\n\t\t\t\t\t\t<\/div>\n\t\t\t\t<\/div>\n\t\t\t\t\t<\/div>\n\t\t<\/div>\n\t\t\t\t\t<\/div>\n\t\t<\/section>\n\t\t\t\t\t<\/div>\n\t\t<\/div>\n\t\t\t\t\t<\/div>\n\t\t<\/section>\n\t\t\t\t<\/div>\n\t\t","protected":false},"excerpt":{"rendered":"<p>Tu nous trouves ici Spirit Karting AG Sonnengutstrasse 8 5620 Bremgarten Suisse T\u00e9l\u00e9phone: +41 76 435 83 55 Email: info@spirit-karting.ch Comment venir chez nous Heures d&rsquo;ouverture Spirit Kartstore Veuillez noter que notre Kartstore n\u2019a pas d\u2019horaires d\u2019ouverture fixes. Comme notre \u00e9quipe organise r\u00e9guli\u00e8rement des \u00e9v\u00e9nements ou se trouve sur les circuits, le Kartstore n\u2019est pas [&hellip;]<\/p>\n","protected":false},"author":4,"featured_media":0,"parent":0,"menu_order":0,"comment_status":"closed","ping_status":"closed","template":"","meta":{"footnotes":""},"class_list":["post-5705","page","type-page","status-publish","hentry"],"yoast_head":"<!-- This site is optimized with the Yoast SEO plugin v24.8.1 - https:\/\/yoast.com\/wordpress\/plugins\/seo\/ -->\n<title>Contactez - Spirit Karting by Ken und Cyndie Allemann \u2013<\/title>\n<meta name=\"robots\" content=\"index, follow, max-snippet:-1, max-image-preview:large, max-video-preview:-1\" \/>\n<link rel=\"canonical\" href=\"https:\/\/spirit-karting.ch\/fr\/contactez\/\" \/>\n<meta property=\"og:locale\" content=\"fr_FR\" \/>\n<meta property=\"og:type\" content=\"article\" \/>\n<meta property=\"og:title\" content=\"Contactez - Spirit Karting by Ken und Cyndie Allemann \u2013\" \/>\n<meta property=\"og:description\" content=\"Tu nous trouves ici Spirit Karting AG Sonnengutstrasse 8 5620 Bremgarten Suisse T\u00e9l\u00e9phone: +41 76 435 83 55 Email: info@spirit-karting.ch Comment venir chez nous Heures d&rsquo;ouverture Spirit Kartstore Veuillez noter que notre Kartstore n\u2019a pas d\u2019horaires d\u2019ouverture fixes. Comme notre \u00e9quipe organise r\u00e9guli\u00e8rement des \u00e9v\u00e9nements ou se trouve sur les circuits, le Kartstore n\u2019est pas [&hellip;]\" \/>\n<meta property=\"og:url\" content=\"https:\/\/spirit-karting.ch\/fr\/contactez\/\" \/>\n<meta property=\"og:site_name\" content=\"Spirit Karting by Ken und Cyndie Allemann \u2013\" \/>\n<meta property=\"article:publisher\" content=\"https:\/\/www.facebook.com\/spiritkartingag\" \/>\n<meta property=\"article:modified_time\" content=\"2023-12-27T10:05:16+00:00\" \/>\n<meta property=\"og:image\" content=\"https:\/\/spirit-karting.ch\/wp-content\/uploads\/2023\/07\/Element-3.svg\" \/>\n<meta name=\"twitter:card\" content=\"summary_large_image\" \/>\n<meta name=\"twitter:label1\" content=\"Dur\u00e9e de lecture estim\u00e9e\" \/>\n\t<meta name=\"twitter:data1\" content=\"1 minute\" \/>\n<script type=\"application\/ld+json\" class=\"yoast-schema-graph\">{\"@context\":\"https:\/\/schema.org\",\"@graph\":[{\"@type\":\"WebPage\",\"@id\":\"https:\/\/spirit-karting.ch\/fr\/contactez\/\",\"url\":\"https:\/\/spirit-karting.ch\/fr\/contactez\/\",\"name\":\"Contactez - Spirit Karting by Ken und Cyndie Allemann \u2013\",\"isPartOf\":{\"@id\":\"https:\/\/spirit-karting.ch\/de\/#website\"},\"primaryImageOfPage\":{\"@id\":\"https:\/\/spirit-karting.ch\/fr\/contactez\/#primaryimage\"},\"image\":{\"@id\":\"https:\/\/spirit-karting.ch\/fr\/contactez\/#primaryimage\"},\"thumbnailUrl\":\"https:\/\/spirit-karting.ch\/wp-content\/uploads\/2023\/07\/Element-3.svg\",\"datePublished\":\"2023-07-14T11:53:49+00:00\",\"dateModified\":\"2023-12-27T10:05:16+00:00\",\"breadcrumb\":{\"@id\":\"https:\/\/spirit-karting.ch\/fr\/contactez\/#breadcrumb\"},\"inLanguage\":\"fr-FR\",\"potentialAction\":[{\"@type\":\"ReadAction\",\"target\":[\"https:\/\/spirit-karting.ch\/fr\/contactez\/\"]}]},{\"@type\":\"ImageObject\",\"inLanguage\":\"fr-FR\",\"@id\":\"https:\/\/spirit-karting.ch\/fr\/contactez\/#primaryimage\",\"url\":\"https:\/\/spirit-karting.ch\/wp-content\/uploads\/2023\/07\/Element-3.svg\",\"contentUrl\":\"https:\/\/spirit-karting.ch\/wp-content\/uploads\/2023\/07\/Element-3.svg\"},{\"@type\":\"BreadcrumbList\",\"@id\":\"https:\/\/spirit-karting.ch\/fr\/contactez\/#breadcrumb\",\"itemListElement\":[{\"@type\":\"ListItem\",\"position\":1,\"name\":\"Home\",\"item\":\"https:\/\/spirit-karting.ch\/fr\/\"},{\"@type\":\"ListItem\",\"position\":2,\"name\":\"Contactez\"}]},{\"@type\":\"WebSite\",\"@id\":\"https:\/\/spirit-karting.ch\/de\/#website\",\"url\":\"https:\/\/spirit-karting.ch\/de\/\",\"name\":\"Spirit Karting by Ken und Cyndie Allemann\",\"description\":\"Unser Spirit ist Racing!\",\"publisher\":{\"@id\":\"https:\/\/spirit-karting.ch\/de\/#organization\"},\"potentialAction\":[{\"@type\":\"SearchAction\",\"target\":{\"@type\":\"EntryPoint\",\"urlTemplate\":\"https:\/\/spirit-karting.ch\/de\/?s={search_term_string}\"},\"query-input\":{\"@type\":\"PropertyValueSpecification\",\"valueRequired\":true,\"valueName\":\"search_term_string\"}}],\"inLanguage\":\"fr-FR\"},{\"@type\":\"Organization\",\"@id\":\"https:\/\/spirit-karting.ch\/de\/#organization\",\"name\":\"Spirit Karting AG\",\"url\":\"https:\/\/spirit-karting.ch\/de\/\",\"logo\":{\"@type\":\"ImageObject\",\"inLanguage\":\"fr-FR\",\"@id\":\"https:\/\/spirit-karting.ch\/de\/#\/schema\/logo\/image\/\",\"url\":\"https:\/\/spirit-karting.ch\/wp-content\/uploads\/2020\/06\/Spirit-Carting_AG_Logo.webp\",\"contentUrl\":\"https:\/\/spirit-karting.ch\/wp-content\/uploads\/2020\/06\/Spirit-Carting_AG_Logo.webp\",\"width\":300,\"height\":200,\"caption\":\"Spirit Karting AG\"},\"image\":{\"@id\":\"https:\/\/spirit-karting.ch\/de\/#\/schema\/logo\/image\/\"},\"sameAs\":[\"https:\/\/www.facebook.com\/spiritkartingag\",\"https:\/\/www.instagram.com\/spiritkarting\/?hl=de\"]}]}<\/script>\n<!-- \/ Yoast SEO plugin. -->","yoast_head_json":{"title":"Contactez - Spirit Karting by Ken und Cyndie Allemann \u2013","robots":{"index":"index","follow":"follow","max-snippet":"max-snippet:-1","max-image-preview":"max-image-preview:large","max-video-preview":"max-video-preview:-1"},"canonical":"https:\/\/spirit-karting.ch\/fr\/contactez\/","og_locale":"fr_FR","og_type":"article","og_title":"Contactez - Spirit Karting by Ken und Cyndie Allemann \u2013","og_description":"Tu nous trouves ici Spirit Karting AG Sonnengutstrasse 8 5620 Bremgarten Suisse T\u00e9l\u00e9phone: +41 76 435 83 55 Email: info@spirit-karting.ch Comment venir chez nous Heures d&rsquo;ouverture Spirit Kartstore Veuillez noter que notre Kartstore n\u2019a pas d\u2019horaires d\u2019ouverture fixes. Comme notre \u00e9quipe organise r\u00e9guli\u00e8rement des \u00e9v\u00e9nements ou se trouve sur les circuits, le Kartstore n\u2019est pas [&hellip;]","og_url":"https:\/\/spirit-karting.ch\/fr\/contactez\/","og_site_name":"Spirit Karting by Ken und Cyndie Allemann \u2013","article_publisher":"https:\/\/www.facebook.com\/spiritkartingag","article_modified_time":"2023-12-27T10:05:16+00:00","og_image":[{"url":"https:\/\/spirit-karting.ch\/wp-content\/uploads\/2023\/07\/Element-3.svg","type":"","width":"","height":""}],"twitter_card":"summary_large_image","twitter_misc":{"Dur\u00e9e de lecture estim\u00e9e":"1 minute"},"schema":{"@context":"https:\/\/schema.org","@graph":[{"@type":"WebPage","@id":"https:\/\/spirit-karting.ch\/fr\/contactez\/","url":"https:\/\/spirit-karting.ch\/fr\/contactez\/","name":"Contactez - Spirit Karting by Ken und Cyndie Allemann \u2013","isPartOf":{"@id":"https:\/\/spirit-karting.ch\/de\/#website"},"primaryImageOfPage":{"@id":"https:\/\/spirit-karting.ch\/fr\/contactez\/#primaryimage"},"image":{"@id":"https:\/\/spirit-karting.ch\/fr\/contactez\/#primaryimage"},"thumbnailUrl":"https:\/\/spirit-karting.ch\/wp-content\/uploads\/2023\/07\/Element-3.svg","datePublished":"2023-07-14T11:53:49+00:00","dateModified":"2023-12-27T10:05:16+00:00","breadcrumb":{"@id":"https:\/\/spirit-karting.ch\/fr\/contactez\/#breadcrumb"},"inLanguage":"fr-FR","potentialAction":[{"@type":"ReadAction","target":["https:\/\/spirit-karting.ch\/fr\/contactez\/"]}]},{"@type":"ImageObject","inLanguage":"fr-FR","@id":"https:\/\/spirit-karting.ch\/fr\/contactez\/#primaryimage","url":"https:\/\/spirit-karting.ch\/wp-content\/uploads\/2023\/07\/Element-3.svg","contentUrl":"https:\/\/spirit-karting.ch\/wp-content\/uploads\/2023\/07\/Element-3.svg"},{"@type":"BreadcrumbList","@id":"https:\/\/spirit-karting.ch\/fr\/contactez\/#breadcrumb","itemListElement":[{"@type":"ListItem","position":1,"name":"Home","item":"https:\/\/spirit-karting.ch\/fr\/"},{"@type":"ListItem","position":2,"name":"Contactez"}]},{"@type":"WebSite","@id":"https:\/\/spirit-karting.ch\/de\/#website","url":"https:\/\/spirit-karting.ch\/de\/","name":"Spirit Karting by Ken und Cyndie Allemann","description":"Unser Spirit ist Racing!","publisher":{"@id":"https:\/\/spirit-karting.ch\/de\/#organization"},"potentialAction":[{"@type":"SearchAction","target":{"@type":"EntryPoint","urlTemplate":"https:\/\/spirit-karting.ch\/de\/?s={search_term_string}"},"query-input":{"@type":"PropertyValueSpecification","valueRequired":true,"valueName":"search_term_string"}}],"inLanguage":"fr-FR"},{"@type":"Organization","@id":"https:\/\/spirit-karting.ch\/de\/#organization","name":"Spirit Karting AG","url":"https:\/\/spirit-karting.ch\/de\/","logo":{"@type":"ImageObject","inLanguage":"fr-FR","@id":"https:\/\/spirit-karting.ch\/de\/#\/schema\/logo\/image\/","url":"https:\/\/spirit-karting.ch\/wp-content\/uploads\/2020\/06\/Spirit-Carting_AG_Logo.webp","contentUrl":"https:\/\/spirit-karting.ch\/wp-content\/uploads\/2020\/06\/Spirit-Carting_AG_Logo.webp","width":300,"height":200,"caption":"Spirit Karting AG"},"image":{"@id":"https:\/\/spirit-karting.ch\/de\/#\/schema\/logo\/image\/"},"sameAs":["https:\/\/www.facebook.com\/spiritkartingag","https:\/\/www.instagram.com\/spiritkarting\/?hl=de"]}]}},"_links":{"self":[{"href":"https:\/\/spirit-karting.ch\/fr\/wp-json\/wp\/v2\/pages\/5705","targetHints":{"allow":["GET"]}}],"collection":[{"href":"https:\/\/spirit-karting.ch\/fr\/wp-json\/wp\/v2\/pages"}],"about":[{"href":"https:\/\/spirit-karting.ch\/fr\/wp-json\/wp\/v2\/types\/page"}],"author":[{"embeddable":true,"href":"https:\/\/spirit-karting.ch\/fr\/wp-json\/wp\/v2\/users\/4"}],"replies":[{"embeddable":true,"href":"https:\/\/spirit-karting.ch\/fr\/wp-json\/wp\/v2\/comments?post=5705"}],"version-history":[{"count":10,"href":"https:\/\/spirit-karting.ch\/fr\/wp-json\/wp\/v2\/pages\/5705\/revisions"}],"predecessor-version":[{"id":7106,"href":"https:\/\/spirit-karting.ch\/fr\/wp-json\/wp\/v2\/pages\/5705\/revisions\/7106"}],"wp:attachment":[{"href":"https:\/\/spirit-karting.ch\/fr\/wp-json\/wp\/v2\/media?parent=5705"}],"curies":[{"name":"wp","href":"https:\/\/api.w.org\/{rel}","templated":true}]}}